{"id":18358,"date":"2021-01-07T16:47:15","date_gmt":"2021-01-07T16:47:15","guid":{"rendered":"https:\/\/shop.fashion-lounge.net\/?page_id=18358"},"modified":"2021-01-07T16:48:43","modified_gmt":"2021-01-07T16:48:43","slug":"widerrufsbelehrung","status":"publish","type":"page","link":"https:\/\/shop.fashion-lounge.net\/?page_id=18358","title":{"rendered":"Widerrufsbelehrung"},"content":{"rendered":"<div class=\"content__title has-animate\"><\/div>\n<h3><strong>\u200bWiderrufsrecht<\/strong><\/h3>\n<p>Sie haben das Recht, binnen vierzehn Tagen ohne Angabe von Gr\u00fcnden diesen Vertrag zu widerrufen. Die Widerrufsfrist betr\u00e4gt vierzehn Tage ab dem Tag des Vertragsabschlusses. Um Ihr Widerrufsrecht auszu\u00fcben, m\u00fcssen Sie uns<\/p>\n<p>Fashion Lounge<br \/>\nAnja Lehmann<br \/>\nEibenstocker Str. 7\/9<br \/>\n08340 Schwarzenberg<br \/>\nE-Mail:\u00a0<span data-obfuscate=\"5ff73a7dbdf1a\">info@fashion-lounge.net<\/span><\/p>\n<p>mittels einer eindeutigen Erkl\u00e4rung (z. B. ein mit der Post versandter Brief oder E-Mail) \u00fcber ihren Entschluss, diesen Vertrag zu widerrufen, informieren. Machen Sie von dieser M\u00f6glichkeit Gebrauch, so werden wir Ihnen unverz\u00fcglich (z. B. per E-Mail) eine Best\u00e4tigung \u00fcber den Eingang eines solchen Widerrufs \u00fcbermitteln. Zur Wahrung der Widerrufsfrist reicht es aus, dass Sie die Mitteilung \u00fcber die Aus\u00fcbung des Widerrufsrechts vor Ablauf der Widerrufsfrist absenden.<\/p>\n<p>Sie k\u00f6nnen daf\u00fcr das unten stehende Muster &#8211; Widerrufsformular &#8211; verwenden, dies ist jedoch nicht vorgeschrieben.<\/p>\n<p><strong>Folgen des Widerrufs<\/strong><\/p>\n<p>Wenn Sie diesen Vertrag widerrufen, haben wir Ihnen alle Zahlungen, die wir von Ihnen erhalten haben, einschlie\u00dflich der Lieferkosten (mit Ausnahme der zus\u00e4tzlichen Kosten, die sich daraus ergeben, dass Sie eine andere Art der Lieferung als die von uns angebotene, g\u00fcnstigste Standardlieferung gew\u00e4hlt haben), unverz\u00fcglich und sp\u00e4testens binnen vierzehn Tagen ab dem Tag zur\u00fcckzuzahlen, an dem die Mitteilung \u00fcber Ihren Widerruf dieses Vertrags bei uns eingegangen ist. F\u00fcr diese R\u00fcckzahlung verwenden wir dasselbe Zahlungsmittel, das Sie bei der urspr\u00fcnglichen Transaktion eingesetzt haben, es sei denn, mit Ihnen wurde ausdr\u00fccklich etwas anderes vereinbart; in keinem Fall werden Ihnen wegen dieser R\u00fcckzahlung Entgelte berechnet.<\/p>\n<p>Nutzen Sie die Dienstleistung bereits w\u00e4hrend der Widerrufsfrist, so haben Sie uns einen angemessenen Betrag zu zahlen, der dem Anteil, der bis zum Zeitpunkt, zu dem Sie uns vor der Aus\u00fcbung des Widerrufsrechts hinsichtlich des Vertrages unterrichten, bereits erbrachten Dienstleistungen im Vergleich zum Gesamtumfang, der im Vertrag vorgesehenen Dienstleistung entspricht.<\/p>\n<p><strong>Muster Widerrufsformular<\/strong><\/p>\n<p>Der Widerruf ist gerichtet an die<\/p>\n<p>Fashion Lounge<br \/>\nAnja Lehmann<br \/>\nEibenstocker Str. 7\/9<br \/>\n08340 Schwarzenberg.<\/p>\n<p>Hiermit widerrufe (n) ich\/wir den vom mir\/uns abgeschlossenen Vertrag \u00fcber die Erbringung der folgenden Dienstleistung<\/p>\n<p>____________________________________________________________<br \/>\nVertrag vom: (Bestellnummer \/ Bestelldatum)<br \/>\n&#8230;<\/p>\n<p>Name des Verbrauchers:<br \/>\n&#8230;<\/p>\n<p>Anschrift des Verbrauchers:<br \/>\n&#8230;<\/p>\n<p>Unterschrift des Verbrauchers:<br \/>\n&#8230;<\/p>\n<p>Ort, Datum<br \/>\n&#8230;<\/p>\n","protected":false},"excerpt":{"rendered":"<p>\u200bWiderrufsrecht Sie haben das Recht, binnen vierzehn Tagen ohne Angabe von Gr\u00fcnden diesen Vertrag zu widerrufen. Die Widerrufsfrist betr\u00e4gt vierzehn Tage ab dem Tag des Vertragsabschlusses. Um Ihr Widerrufsrecht auszu\u00fcben, m\u00fcssen Sie uns Fashion Lounge Anja Lehmann Eibenstocker Str. 7\/9 08340 Schwarzenberg E-Mail:\u00a0info@fashion-lounge.net mittels einer eindeutigen Erkl\u00e4rung (z. B. ein mit der Post versandter Brief [&hellip;]<\/p>\n","protected":false},"author":2,"featured_media":0,"parent":0,"menu_order":0,"comment_status":"closed","ping_status":"closed","template":"","meta":{"content-type":"","footnotes":""},"_links":{"self":[{"href":"https:\/\/shop.fashion-lounge.net\/index.php?rest_route=\/wp\/v2\/pages\/18358"}],"collection":[{"href":"https:\/\/shop.fashion-lounge.net\/index.php?rest_route=\/wp\/v2\/pages"}],"about":[{"href":"https:\/\/shop.fashion-lounge.net\/index.php?rest_route=\/wp\/v2\/types\/page"}],"author":[{"embeddable":true,"href":"https:\/\/shop.fashion-lounge.net\/index.php?rest_route=\/wp\/v2\/users\/2"}],"replies":[{"embeddable":true,"href":"https:\/\/shop.fashion-lounge.net\/index.php?rest_route=%2Fwp%2Fv2%2Fcomments&post=18358"}],"version-history":[{"count":2,"href":"https:\/\/shop.fashion-lounge.net\/index.php?rest_route=\/wp\/v2\/pages\/18358\/revisions"}],"predecessor-version":[{"id":18361,"href":"https:\/\/shop.fashion-lounge.net\/index.php?rest_route=\/wp\/v2\/pages\/18358\/revisions\/18361"}],"wp:attachment":[{"href":"https:\/\/shop.fashion-lounge.net\/index.php?rest_route=%2Fwp%2Fv2%2Fmedia&parent=18358"}],"curies":[{"name":"wp","href":"https:\/\/api.w.org\/{rel}","templated":true}]}}